{"id":422,"date":"2018-07-14T21:40:47","date_gmt":"2018-07-14T21:40:47","guid":{"rendered":"https:\/\/aimondo.com\/ag2\/wp\/market-product\/"},"modified":"2023-05-27T10:16:06","modified_gmt":"2023-05-27T10:16:06","slug":"market-product","status":"publish","type":"page","link":"https:\/\/www.aimondo.ag\/de\/market-product\/","title":{"rendered":"Markt &#038; Produkt"},"content":{"rendered":"<p>eCommerce bietet den Online-Kunden eine noch nie dagewesene Transparenz. Auf einen Blick erfasst ein potenzieller Kunde alle wichtigen Informationen und Produktpreise. Die Loyalit\u00e4t gegen\u00fcber Anbietern ist relativ gering &#8211; nur Amazon hat es bisher geschafft, sich f\u00fcr einen gro\u00dfen Teil der Online-K\u00e4ufer als Produktsuchmaschine zu etablieren. Dessen muss man sich bewusst sein, wenn man im eCommerce erfolgreich sein will. Online-Erfolg ist heute ein Muss &#8211; denn die Vertriebskan\u00e4le \u00fcberschneiden sich zunehmend und \u00fcber Produkteigenschaften hinaus. Ber\u00fchrungspunkte der Kunden mit dem Anbieter, Zufriedenheit sowie Kundenbeziehungsmanagement entscheiden \u00fcber den langfristigen Erfolg. Insbesondere die Gewinnung von Neukunden wird nach sich wiederholenden, erkennbaren Kriterien entschieden. Hier kann man ansetzen und mit unseren Systemen aus erstklassiger Recherche und K\u00fcnstlicher Intelligenz zur Entscheidungsfindung entscheidende Vorteile erzielen. Lassen Sie uns in wenigen Worten erkl\u00e4ren, womit sich der Anspruch der weltweiten technologischen Marktf\u00fchrerschaft begr\u00fcndet.\u00a0<a href=\"https:\/\/youtu.be\/8creAzwtus4\">https:\/\/youtu.be\/8creAzwtus4<\/a><\/p>\n","protected":false},"excerpt":{"rendered":"<p>eCommerce bietet den Online-Kunden eine noch nie dagewesene Transparenz. Auf einen Blick erfasst ein potenzieller Kunde alle wichtigen Informationen und Produktpreise. Die Loyalit\u00e4t gegen\u00fcber Anbietern ist relativ gering &#8211; nur Amazon hat es bisher geschafft, sich f\u00fcr einen gro\u00dfen Teil der Online-K\u00e4ufer als Produktsuchmaschine zu etablieren. Dessen muss man sich bewusst sein, wenn man im &#8230;<\/p>\n","protected":false},"author":1,"featured_media":972,"parent":0,"menu_order":0,"comment_status":"closed","ping_status":"closed","template":"","meta":{"footnotes":""},"class_list":["post-422","page","type-page","status-publish","has-post-thumbnail","hentry"],"_links":{"self":[{"href":"https:\/\/www.aimondo.ag\/de\/wp-json\/wp\/v2\/pages\/422\/"}],"collection":[{"href":"https:\/\/www.aimondo.ag\/de\/wp-json\/wp\/v2\/pages\/"}],"about":[{"href":"https:\/\/www.aimondo.ag\/de\/wp-json\/wp\/v2\/types\/page\/"}],"author":[{"embeddable":true,"href":"https:\/\/www.aimondo.ag\/de\/wp-json\/wp\/v2\/users\/1\/"}],"replies":[{"embeddable":true,"href":"https:\/\/www.aimondo.ag\/de\/wp-json\/wp\/v2\/comments\/?post=422"}],"version-history":[{"count":80,"href":"https:\/\/www.aimondo.ag\/de\/wp-json\/wp\/v2\/pages\/422\/revisions\/"}],"predecessor-version":[{"id":2381,"href":"https:\/\/www.aimondo.ag\/de\/wp-json\/wp\/v2\/pages\/422\/revisions\/2381\/"}],"wp:featuredmedia":[{"embeddable":true,"href":"https:\/\/www.aimondo.ag\/de\/wp-json\/wp\/v2\/media\/972\/"}],"wp:attachment":[{"href":"https:\/\/www.aimondo.ag\/de\/wp-json\/wp\/v2\/media\/?parent=422"}],"curies":[{"name":"wp","href":"https:\/\/api.w.org\/{rel}","templated":true}]}}