{"id":473,"date":"2018-07-14T22:05:09","date_gmt":"2018-07-14T22:05:09","guid":{"rendered":"https:\/\/aimondo.com\/ag2\/wp\/?page_id=473"},"modified":"2018-09-16T09:43:14","modified_gmt":"2018-09-16T09:43:14","slug":"the-worldwide-digital-transformation","status":"publish","type":"page","link":"https:\/\/www.aimondo.ag\/de\/the-worldwide-digital-transformation\/","title":{"rendered":"Die weltweite digitale Transformation"},"content":{"rendered":"<p>Weltweit gewinnt der \u00dcbergang vom station\u00e4ren zum onlinebasierten Handel mit zweistelligen Wachstumsraten pro Jahr an Dynamik. Ein Markt, der sich von heute 2 Billionen Dollar auf weit \u00fcber 4 Billionen Dollar bis 2020 verdoppelt. Damit einhergehend w\u00e4chst das adressierbare Vertriebsvolumen von Aimondo. Traditionelle Unternehmen und digital gepr\u00e4gte Newcomer k\u00e4mpfen erbittert um Marktanteile. Neue Spieler erobern M\u00e4rkte, althergebrachte Strukturen sterben aus oder ver\u00e4ndern sich radikal.<\/p>\n<p>Aimondo liefert ein leistungsstarkes, erfolgsentscheidendes digitales Werkzeug zur Erzeugung von Marktinformationen und automatisiert vorgefertigten Entscheidungshilfen.<\/p>\n<p>Globales Denken und Handeln &#8211; schlanke Hochleistungstechnologie, Wettbewerbsinformationen, Analysen und die richtigen Schlussfolgerungen sind wichtiger denn je.<\/p>\n<p>Aimondo hat sie &#8211; jeden Tag neu. F\u00fcr den Online-Megatrend, der schrittweise praktisch alle L\u00e4nder und Branchen abdeckt.<\/p>\n<p>F\u00fcr Aimondo ist dies ein erster Schritt \u2013 weitere komplexe Systeme auf der Basis K\u00fcnstlicher Intelligenz und modernster Infrastruktur sind bereits in konkretisierenden Planungsphasen. Von eCommerce \u00fcber MedTec bis hin zur Energiewandlung.<\/p>\n","protected":false},"excerpt":{"rendered":"<p>Weltweit gewinnt der \u00dcbergang vom station\u00e4ren zum onlinebasierten Handel mit zweistelligen Wachstumsraten pro Jahr an Dynamik. Ein Markt, der sich von heute 2 Billionen Dollar auf weit \u00fcber 4 Billionen Dollar bis 2020 verdoppelt. Damit einhergehend w\u00e4chst das adressierbare Vertriebsvolumen von Aimondo. Traditionelle Unternehmen und digital gepr\u00e4gte Newcomer k\u00e4mpfen erbittert um Marktanteile. Neue Spieler erobern &#8230;<\/p>\n","protected":false},"author":1,"featured_media":1141,"parent":0,"menu_order":0,"comment_status":"closed","ping_status":"closed","template":"","meta":{"footnotes":""},"class_list":["post-473","page","type-page","status-publish","has-post-thumbnail","hentry"],"_links":{"self":[{"href":"https:\/\/www.aimondo.ag\/de\/wp-json\/wp\/v2\/pages\/473\/"}],"collection":[{"href":"https:\/\/www.aimondo.ag\/de\/wp-json\/wp\/v2\/pages\/"}],"about":[{"href":"https:\/\/www.aimondo.ag\/de\/wp-json\/wp\/v2\/types\/page\/"}],"author":[{"embeddable":true,"href":"https:\/\/www.aimondo.ag\/de\/wp-json\/wp\/v2\/users\/1\/"}],"replies":[{"embeddable":true,"href":"https:\/\/www.aimondo.ag\/de\/wp-json\/wp\/v2\/comments\/?post=473"}],"version-history":[{"count":4,"href":"https:\/\/www.aimondo.ag\/de\/wp-json\/wp\/v2\/pages\/473\/revisions\/"}],"predecessor-version":[{"id":873,"href":"https:\/\/www.aimondo.ag\/de\/wp-json\/wp\/v2\/pages\/473\/revisions\/873\/"}],"wp:featuredmedia":[{"embeddable":true,"href":"https:\/\/www.aimondo.ag\/de\/wp-json\/wp\/v2\/media\/1141\/"}],"wp:attachment":[{"href":"https:\/\/www.aimondo.ag\/de\/wp-json\/wp\/v2\/media\/?parent=473"}],"curies":[{"name":"wp","href":"https:\/\/api.w.org\/{rel}","templated":true}]}}