{"id":651,"date":"2018-07-14T21:41:12","date_gmt":"2018-07-14T21:41:12","guid":{"rendered":"http:\/\/195.201.36.202\/?page_id=651"},"modified":"2022-06-12T15:47:31","modified_gmt":"2022-06-12T15:47:31","slug":"friends-family-login","status":"publish","type":"page","link":"https:\/\/www.aimondo.ag\/de\/friends-family-login\/","title":{"rendered":"&#8222;Family &#038; Friends&#8220;  Einblick"},"content":{"rendered":"<img loading=\"lazy\" decoding=\"async\" class=\"size-medium wp-image-629 alignleft\" src=\"http:\/\/195.201.36.202\/wp-content\/uploads\/2018\/09\/aimondo-investor-dashboard-300x248.jpg\" alt=\"\" width=\"300\" height=\"248\" srcset=\"https:\/\/www.aimondo.ag\/wp-content\/uploads\/2018\/09\/aimondo-investor-dashboard-300x248.jpg 300w, https:\/\/www.aimondo.ag\/wp-content\/uploads\/2018\/09\/aimondo-investor-dashboard-768x634.jpg 768w, https:\/\/www.aimondo.ag\/wp-content\/uploads\/2018\/09\/aimondo-investor-dashboard.jpg 789w\" sizes=\"auto, (max-width: 300px) 100vw, 300px\" \/>\r\n\r\n<span style=\"font-family: Times New Roman, serif;\"><span style=\"font-size: medium;\"><span style=\"font-family: Arial, serif;\">Als Software-as-a-Service mit Cloud-basierter Infrastruktur kann ein Unternehmen enorme Renditen erzeugen. Typisch f\u00fcr diese moderne Architektur ist, dass die variablen Kosten bei h\u00f6herem Umsatz kaum steigen und die Fixkosten im bisher geplanten Bereich weitgehend von der Umsatzentwicklung entkoppelt sind. Je h\u00f6her der Umsatz, desto ausgepr\u00e4gter das EBIT. <\/span><\/span><\/span>\r\n\r\n<span style=\"font-family: Times New Roman, serif;\"><span style=\"font-size: medium;\"><span style=\"font-family: Arial, serif;\">Untersucht man erfolgreiche SaaS Unternehmen, sind sie oft von vergleichbaren Merkmalen gekennzeichnet: In den ersten zwei bis vier Jahren erwirtschaften sie Verluste, die gegen Ende dieser Periode ihren Peak erreichen. Es folgt eine relativ kurze Phase zur Erreichung des Break-Even. Danach geht es steil aufw\u00e4rts \u2013 mit den Ums\u00e4tzen und dem Unternehmenswert. Der Gewinn ist dabei in der ersten Jahren in den Augen der Investoren zweitrangig.<\/span><\/span><\/span>\r\n\r\n<span style=\"font-family: Times New Roman, serif;\"><span style=\"font-size: medium;\"><span style=\"font-family: Arial, serif;\">Die Aimondo Gmbh hat die Phase des \u201eProof of Concept\u201c lange hinter sich. Die ersten zwei Jahre wurde vom ersten Tag im Herbst\/Winter 2016 mit Umsatz und Echtbetrieb-Kunden zur Entwicklung genutzt. Die Kosten wurden von den Initiatoren getragen, sie blieben weit unter Budget, das Umsatzwachstum begann z\u00f6gerlich. Es dauerte l\u00e4nger als geplant, weitere Kunden zu gewinnen. Das lag daran, dass das Hauptaugenmerk auf die Produktentwicklung gerichtet war. Es wurden etliche Zusatzfunktionen bereits implementiert, die urspr\u00fcnglich erst f\u00fcr 2020 oder sp\u00e4ter geplant waren. Immer noch mit Kosten unter Plan und besseren Resultaten als jemals ertr\u00e4umt. Insbesondere wurde die Benutzbarkeit trendrichtig auf intuitive Bedienung auch f\u00fcr unerfahrene Anwender ausgebaut. Zudem wurden \u00fcber den deutschsprachigen Raum hinaus \u00fcber zwanzig weitere L\u00e4nder technisch erschlossen. <\/span><\/span><\/span>\r\n\r\n<span style=\"font-family: Times New Roman, serif;\"><span style=\"font-size: medium;\"><span style=\"font-family: Arial, serif;\">Die typischen \u201ezwei Jahre\u201c f\u00fcr die Erf\u00fcllung von &#8222;Proof of Concept&#8220; und die Herstellung des initialen Dienstes sind lange erf\u00fcllt, die GmbH entwickelt sich und geh\u00f6rt heute zu 100% der Aimondo AG. Im Jahr 2020 wurde der Aimondo GmbH der Innovationspreis <a href=\"https:\/\/rp-online.de\/advertorial\/presseportal\/top-100-preistraeger-aimondo-setzt-sich-mit-kuenstlicher-intelligenz-durch_aid-51754043\">TOP 100<\/a>\u00a0ebenso verliehen wie bereits zum zweiten Mal in Folge f\u00fcr <a href=\"https:\/\/www.ots.at\/presseaussendung\/OTS_20210122_OTS0069\/aimondo-erneut-mit-top-100-innovationspreis-ausgezeichnet-foto\">2021<\/a>.<\/span><\/span><\/span>\r\n\r\n<span style=\"font-family: Times New Roman, serif;\"><span style=\"font-size: medium;\"><span style=\"font-family: Arial, serif;\">Die Aktiengesellschaft hat zwei Aktiengattungen &#8211; die Stammaktien, die weitgehend in den H\u00e4nden der unternehmerischen Entscheidungstr\u00e4ger bleiben sollen, und die Vorzugsaktien (Partizipationsscheine), die dem renditeorientierten Investor neben der erwarteten Kurssteigerung eine deutlich h\u00f6here Dividende bescheren k\u00f6nnen. Zun\u00e4chst waren alle Anteilsscheine ausschlie\u00dflich dem Kreis von &#8222;Family &amp; Friends&#8220; vorbehalten. Menschen, die die Umst\u00e4nde, die Leute und die Firma kennen oder denen aus unserem Bekanntenkreis empfohlen wurde, uns kennen zu lernen. Auch Investoren, die uns \u00fcber unsere T\u00e4tigkeit, Empfehlungen anderer Investoren oder Publikationen kennlernten geh\u00f6ren heute dazu.<\/span><\/span><\/span>\r\n\r\n<span style=\"font-family: Times New Roman, serif;\"><span style=\"font-size: medium;\"><span style=\"font-family: Arial, serif;\">In einem ersten Schritt wurden die Stammaktien als Namensaktien zertifiziert. Anl\u00e4\u00dflich einer Kapitalerh\u00f6hung wurden Stamm- und Vorzugsaktien im Verh\u00e4ltnis 1:2 ausgegeben. Sobald aus dem Kreis der &#8222;Family &amp; Friends&#8220; eine ausreichende Anzahl von Aktion\u00e4ren erreicht ist, beginnen wir mit der Planung f\u00fcr den Gang an eine regulierte B\u00f6rse. Die steuerliche Organschaft und die g\u00fcnstige Steuerregelung wurden mit einer renommierten Wirtschaftspr\u00fcfungsgesellschafft in Z\u00fcrich bereits ausgearbeitet.<\/span><\/span><\/span>\r\n\r\n<span style=\"font-family: Arial, serif; font-size: medium;\">Unsere\u00a0Wertbemessung der Aktien sowie die der Partizipationsscheine k\u00f6nnen &#8222;Family &amp; Friends&#8220; Mitglieder auf Anfrage erhalten oder k\u00f6nnen sie im gesicherten Bereich einsehen.\u00a0<\/span>\r\n\r\n<span style=\"font-family: Times New Roman, serif;\"><span style=\"font-size: medium;\"><span style=\"font-family: Arial, serif;\">Wir gehen davon aus, dass ein solcher Schritt zu verf\u00fcgbarem Expansionskapital nach einem im eng begrenzten Rahmen stattfindenden Initial Private Offering vor allem eine rasche Globalisierung in Verbindung mit einer starken Positionssicherung in den Zielm\u00e4rkten unserer Aimondo-Performance erm\u00f6glicht.<\/span><\/span><\/span>\r\n\r\n<span style=\"font-family: Times New Roman, serif;\"><span style=\"font-size: medium;\"><span style=\"font-family: Arial, serif;\">Diese dritte Finanzierungsrunde, die im Gesamtrahmen des Aimondo-Projektplans vorgesehen ist, kann \u00fcberwiegend als\u00a0 Wachstumsfinanzierung verstanden werden, um die Expansion und Erschlie\u00dfung neuer M\u00e4rkte und Branchen zu beschleunigen. Hierzu sollten Aimondo-Aktien an einer regulierten B\u00f6rse gelistet sein. Das Wachstum soll schrittweise \u00fcber drei verschiedene Dimensionen beschleunigt werden. <\/span><\/span><\/span>\r\n\r\n<span style=\"font-family: Times New Roman, serif;\"><span style=\"font-size: medium;\"><span style=\"font-family: Arial, serif;\">Zum einen soll die KI weiterentwickelt werden, um uns noch effizienter im Bereich Predictive Pricing zu positionieren. Andererseits soll die Region Asien-Pazifik ausgebaut werden, um in das starke Wachstum dieser Region hinein zu skalieren. Schlie\u00dflich soll der Schritt in Richtung station\u00e4rer Handel, Multi-Channel- oder Cross-Channel-Retailing mit umfassendem Product Information Management (PIM)-Datenmanagement und Electronic Shelf Labeling (ESL) realisiert werden. Wie bereits an anderer Stelle erw\u00e4hnt, bietet dieser Schritt derzeit ein noch h\u00f6heres Umsatzpotenzial als nur das Online-Segment.<\/span><\/span><\/span>\r\n\r\n<span style=\"font-family: Times New Roman, serif;\"><span style=\"font-size: medium;\"><span style=\"font-family: Arial, serif;\">Die geplante Profitabilit\u00e4t im Planungszeitraum ab &#8222;2020 plus&#8220; l\u00e4sst sich analog mit einer Zeitversetzung aus dem urspr\u00fcnglichen Businessplan der Aimondo GmbH ableiten. Institutionelle und private Investoren k\u00f6nnen diese Unterlage sowie das aktuelle Wertgutachten einer Schweizer Wirtschaftspr\u00fcfergesellschaft anfordern, wenn es soweit ist.<\/span><\/span><\/span>\r\n\r\n&nbsp;\r\n\r\nAimondo AG Inhaber Partizipationsschein\r\n\r\n<a href=\"https:\/\/www.aimondo.ag\/wp-content\/uploads\/2022\/06\/PS-RISK-AIMONDO-AG.txt\" target=\"_blank\" rel=\"noopener\">PS AIMONDO AG<\/a><strong> \u00a0 \u00a0 NEUE ISIN\u00a0CH1120274829\u00a0\u00a0<\/strong>Wechsel vom Inhaber Wertpapier zur Namensaktie \/ Partizipationsschein\r\n\r\nAimondo AG Aktie (Namensaktie)\r\n\r\nISIN CH0457495718\u00a0 \u00a0 \u00a0WKNA2PBQC\r\n\r\nWertpapierinformationsblatt (WIB) der deutschen BaFin und Bilanz zur Amondo AG (Ver\u00f6ffentlichung abgelaufen, auf Wunsch individueller Versand oder download <a href=\"https:\/\/www.aimondo.ag\/wp-content\/uploads\/2022\/04\/Wertpapier-Informationsblatt-4.pdf\">WP<\/a>\u00a0m\u00f6glich)\r\n\r\nAGV JUN 21 PS N\u00a0Protokoll zur Satzungs\u00e4nderung bzgl. der Aimondo AG Partizipationsscheine &#8211; Umwandlung der Inhaberpapiere ISIN CH 0457495734 auf Namenpapiere mit der neune ISIN CH 1120274829 (vorl. Protokoll der AGV)\r\n\r\n<!-- \/wp:post-content -->","protected":false},"excerpt":{"rendered":"<p>Als Software-as-a-Service mit Cloud-basierter Infrastruktur kann ein Unternehmen enorme Renditen erzeugen. Typisch f\u00fcr diese moderne Architektur ist, dass die variablen Kosten bei h\u00f6herem Umsatz kaum steigen und die Fixkosten im bisher geplanten Bereich weitgehend von der Umsatzentwicklung entkoppelt sind. Je h\u00f6her der Umsatz, desto ausgepr\u00e4gter das EBIT. Untersucht man erfolgreiche SaaS Unternehmen, sind sie oft &#8230;<\/p>\n","protected":false},"author":1,"featured_media":978,"parent":0,"menu_order":0,"comment_status":"closed","ping_status":"closed","template":"","meta":{"footnotes":""},"class_list":["post-651","page","type-page","status-publish","has-post-thumbnail","hentry"],"_links":{"self":[{"href":"https:\/\/www.aimondo.ag\/de\/wp-json\/wp\/v2\/pages\/651\/"}],"collection":[{"href":"https:\/\/www.aimondo.ag\/de\/wp-json\/wp\/v2\/pages\/"}],"about":[{"href":"https:\/\/www.aimondo.ag\/de\/wp-json\/wp\/v2\/types\/page\/"}],"author":[{"embeddable":true,"href":"https:\/\/www.aimondo.ag\/de\/wp-json\/wp\/v2\/users\/1\/"}],"replies":[{"embeddable":true,"href":"https:\/\/www.aimondo.ag\/de\/wp-json\/wp\/v2\/comments\/?post=651"}],"version-history":[{"count":72,"href":"https:\/\/www.aimondo.ag\/de\/wp-json\/wp\/v2\/pages\/651\/revisions\/"}],"predecessor-version":[{"id":2152,"href":"https:\/\/www.aimondo.ag\/de\/wp-json\/wp\/v2\/pages\/651\/revisions\/2152\/"}],"wp:featuredmedia":[{"embeddable":true,"href":"https:\/\/www.aimondo.ag\/de\/wp-json\/wp\/v2\/media\/978\/"}],"wp:attachment":[{"href":"https:\/\/www.aimondo.ag\/de\/wp-json\/wp\/v2\/media\/?parent=651"}],"curies":[{"name":"wp","href":"https:\/\/api.w.org\/{rel}","templated":true}]}}