{"id":653,"date":"2018-07-14T23:14:57","date_gmt":"2018-07-14T23:14:57","guid":{"rendered":"http:\/\/195.201.36.202\/?page_id=653"},"modified":"2021-05-10T13:45:46","modified_gmt":"2021-05-10T13:45:46","slug":"investor-information","status":"publish","type":"page","link":"https:\/\/www.aimondo.ag\/de\/investor-information\/","title":{"rendered":"Informationen zum Partizipationsschein"},"content":{"rendered":"<p><strong>Erl\u00e4uterung des Begriffs &#8211; der Partizipationsschein (PS) \u00e4hnelt der Vorzugsaktie oder dem Genussschein.<\/strong><\/p>\n<p>Es ist m\u00f6glich, dass eine Gesellschaft in der Schweiz neben dem Aktienkapital auch ein sogenanntes Partizipationskapital vorsehen kann. Dieses Kapital ist in Genussscheine eingeteilt, die einen Nennwert haben. Sie stellen eine Investition in das Unternehmen dar, die ein Verm\u00f6genswert ist. Genussscheine sind Inhaberpapiere, mit denen Investoren am Verm\u00f6gen und am Gesch\u00e4ftserfolg eines Unternehmens beteiligt sind. Die Genussscheine \u00e4hneln den Vorzugsaktien, da ein Teil der Rechte des Aktion\u00e4rs auch dem Inhaber dieses Genussscheins zustehen.<\/p>\n<p>Was das Verm\u00f6gen betrifft, so sind die Teilnehmer den Aktion\u00e4ren gleichgestellt. Bei den Genussscheinen k\u00f6nnte es noch h\u00f6here Gewinnberechtigungen geben als bei den Stammaktien.<\/p>\n<p>Das Schweizerische Obligationenrecht legt ausdr\u00fccklich fest, dass Beteiligte an der Aussch\u00fcttung von Bilanzgewinnen und Liquidationsergebnissen sowie am Erwerb neuer Aktien nicht schlechter gestellt werden d\u00fcrfen als Aktion\u00e4re. Es gibt also eine so genannte Schicksalsgemeinschaft zwischen den Partizipanten\/Teilnehmern und den Aktion\u00e4ren, die sich auch im Bezugsrecht der Teilnehmer widerspiegelt. Gem\u00e4ss Artikel 656g Abs. 2\/3 des Schweizerischen Obligationenrechts sind Teilnehmer, die an einer Kapitalerh\u00f6hung teilnehmen, vor einer Verw\u00e4sserung ihrer Eigentumsrechte wie Aktion\u00e4re gesch\u00fctzt&#8230;.<\/p>\n<p>Das Obligationenrecht sieht den Ausgleich der Rechte aus dem Genussschein mit der Aktie vor und unterliegt daher weitgehend dem Recht der Aktie. Daher k\u00f6nnen die Genussscheine der Aktiengesellschaft weder zur Umgehung der Nennwertbestimmungen der Aktiengesellschaft noch zum R\u00fcckkauf eigener Aktien verwendet werden, mit denen die gleichen Verm\u00f6gensrechte wie mit der Aktie verbunden sind. Der Unterschied besteht jedoch darin, dass mit den Genussscheinen keine Stimmrechte verbunden sind. Der Teilnehmer ist somit ein Gewinn f\u00fcr den Aktion\u00e4r, aber nicht gleichwertig in Bezug auf die Mitgliedschaftsrechte. Wie bereits erw\u00e4hnt, darf er von den Aktion\u00e4ren in seiner Position (Schicksalsgemeinschaft) nicht betroffen sein.<\/p>\n<p>Seit 1963 werden in der Schweiz Partizipationsscheine ausgegeben. Sie werden auch als &#8222;stimmrechtslose Aktien&#8220; (oder z.B. in Deutschland auch Vorzugsaktien) bezeichnet.<\/p>\n<p>Obligationenrecht Art. 656a ff.<\/p>\n","protected":false},"excerpt":{"rendered":"<p>Erl\u00e4uterung des Begriffs &#8211; der Partizipationsschein (PS) \u00e4hnelt der Vorzugsaktie oder dem Genussschein. Es ist m\u00f6glich, dass eine Gesellschaft in der Schweiz neben dem Aktienkapital auch ein sogenanntes Partizipationskapital vorsehen kann. Dieses Kapital ist in Genussscheine eingeteilt, die einen Nennwert haben. Sie stellen eine Investition in das Unternehmen dar, die ein Verm\u00f6genswert ist. Genussscheine sind &#8230;<\/p>\n","protected":false},"author":1,"featured_media":894,"parent":0,"menu_order":0,"comment_status":"closed","ping_status":"closed","template":"","meta":{"footnotes":""},"class_list":["post-653","page","type-page","status-publish","has-post-thumbnail","hentry"],"_links":{"self":[{"href":"https:\/\/www.aimondo.ag\/de\/wp-json\/wp\/v2\/pages\/653\/"}],"collection":[{"href":"https:\/\/www.aimondo.ag\/de\/wp-json\/wp\/v2\/pages\/"}],"about":[{"href":"https:\/\/www.aimondo.ag\/de\/wp-json\/wp\/v2\/types\/page\/"}],"author":[{"embeddable":true,"href":"https:\/\/www.aimondo.ag\/de\/wp-json\/wp\/v2\/users\/1\/"}],"replies":[{"embeddable":true,"href":"https:\/\/www.aimondo.ag\/de\/wp-json\/wp\/v2\/comments\/?post=653"}],"version-history":[{"count":10,"href":"https:\/\/www.aimondo.ag\/de\/wp-json\/wp\/v2\/pages\/653\/revisions\/"}],"predecessor-version":[{"id":2007,"href":"https:\/\/www.aimondo.ag\/de\/wp-json\/wp\/v2\/pages\/653\/revisions\/2007\/"}],"wp:featuredmedia":[{"embeddable":true,"href":"https:\/\/www.aimondo.ag\/de\/wp-json\/wp\/v2\/media\/894\/"}],"wp:attachment":[{"href":"https:\/\/www.aimondo.ag\/de\/wp-json\/wp\/v2\/media\/?parent=653"}],"curies":[{"name":"wp","href":"https:\/\/api.w.org\/{rel}","templated":true}]}}