{"id":659,"date":"2018-07-14T21:41:03","date_gmt":"2018-07-14T21:41:03","guid":{"rendered":"http:\/\/195.201.36.202\/?page_id=659"},"modified":"2024-05-08T13:33:08","modified_gmt":"2024-05-08T13:33:08","slug":"outlook","status":"publish","type":"page","link":"https:\/\/www.aimondo.ag\/de\/outlook\/","title":{"rendered":"Ausblick"},"content":{"rendered":"<p>Die allt\u00e4gliche\u00a0<a href=\"http:\/\/195.201.36.202\/de\/move-fast-and-get-it-right\/\">Unternehmensf\u00fchrung<\/a> liegt in den H\u00e4nden von drei Personen, die Wissen und Erfahrung in Technologie, Finanzmanagement und Internationalisierung vereinen. Die Satzung sieht die weltweite Er\u00f6ffnung, Akquisition und F\u00fchrung weiterer Aimondo-Gesellschaften vor. Sie erlauben auch die St\u00e4rkung der Finanzkraft bei gleichzeitiger strategischer Kontrolle &#8211; unterst\u00fctzt durch einen starken Beirat. Der Beirat besteht aus maximal sieben Personen, die \u00fcber unternehmerische Erfahrung, internationale Kontakte und wissenschaftliche Projektbegleitung verf\u00fcgen.<\/p>\n<p>Ein kleiner Teil der Aktien wird in Form einer Privatplatzierung an &#8222;Family &amp; Friends&#8220; im Rahmen eines begrenzten, nicht \u00f6ffentlichen Angebotes ausgegeben.<\/p>\n<p>Ab dem dritten Quartal 2018 wurden die Strukturen implementiert und stabilisiert, die das Aimondo-Online-Konzept in die Welt hinaustragen sollen. Einige der strategisch wichtigen, international t\u00e4tigen Kunden unterschiedlichster Branchen erhalten als erste die Aimondo Technologie. Gleichzeitig wird das Konzept umgesetzt, das es Unternehmen auf der ganzen Welt erm\u00f6glicht, die volle Kraft des freien oder preisg\u00fcnstigen Wachstums durch beste Business Intelligence und Dynamic Pricing zu entfalten. Diese Aktionen werden durch sehr gezielte mehrsprachige Online-Werbekampagnen begleitet. Basierend auf diesen Erfahrungen und Referenzen im Blue-Chip-Gesch\u00e4ft sowie im breiten Spektrum l\u00e4sst sich die Zusammenarbeit von mittleren und gro\u00dfen Online-Unternehmen in vielen L\u00e4ndern so ableiten, dass Aimondo-eigene Gesellschaften oder Vertriebspartner ab Ende 2020 in diesen Ziell\u00e4ndern auf einer gesicherten finanziellen Basis aktiviert werden k\u00f6nnen.<\/p>\n<p>Seit November 2020 wurden zus\u00e4tzliche Voraussetzungen f\u00fcr ein sp\u00e4teres B\u00f6rsenlisting geschaffen und vorbereitet. Dazu geh\u00f6rte auch die bereits zuvor eigeleitete Girosammelverwahrung, die eine \u00dcbertragung der bisher als Dokumente verbrieften Partizipationsscheine in Depots erm\u00f6glicht.<\/p>\n<p>Zus\u00e4tzlich wurde das Performance-Marketing des operativen Gesch\u00e4fts deutlich ausgebaut. Gleichzeitig werden die Voraussetzungen f\u00fcr die zuvor vereinbarten Schritte zur sp\u00e4teren Notierung in einem Standardsegment eines regulierten Kapitalmarktes vorbereitet, die Gespr\u00e4che mit einer der gro\u00dfen B\u00f6rsen intensiviert und die ersten Verhandlungen mit einem sogenannten &#8222;Capital Market Coach&#8220; angesto\u00dfen.<\/p>\n","protected":false},"excerpt":{"rendered":"<p>Die allt\u00e4gliche\u00a0Unternehmensf\u00fchrung liegt in den H\u00e4nden von drei Personen, die Wissen und Erfahrung in Technologie, Finanzmanagement und Internationalisierung vereinen. Die Satzung sieht die weltweite Er\u00f6ffnung, Akquisition und F\u00fchrung weiterer Aimondo-Gesellschaften vor. Sie erlauben auch die St\u00e4rkung der Finanzkraft bei gleichzeitiger strategischer Kontrolle &#8211; unterst\u00fctzt durch einen starken Beirat. Der Beirat besteht aus maximal sieben Personen, &#8230;<\/p>\n","protected":false},"author":1,"featured_media":1154,"parent":0,"menu_order":0,"comment_status":"closed","ping_status":"closed","template":"","meta":{"footnotes":""},"class_list":["post-659","page","type-page","status-publish","has-post-thumbnail","hentry"],"_links":{"self":[{"href":"https:\/\/www.aimondo.ag\/de\/wp-json\/wp\/v2\/pages\/659\/"}],"collection":[{"href":"https:\/\/www.aimondo.ag\/de\/wp-json\/wp\/v2\/pages\/"}],"about":[{"href":"https:\/\/www.aimondo.ag\/de\/wp-json\/wp\/v2\/types\/page\/"}],"author":[{"embeddable":true,"href":"https:\/\/www.aimondo.ag\/de\/wp-json\/wp\/v2\/users\/1\/"}],"replies":[{"embeddable":true,"href":"https:\/\/www.aimondo.ag\/de\/wp-json\/wp\/v2\/comments\/?post=659"}],"version-history":[{"count":26,"href":"https:\/\/www.aimondo.ag\/de\/wp-json\/wp\/v2\/pages\/659\/revisions\/"}],"predecessor-version":[{"id":2551,"href":"https:\/\/www.aimondo.ag\/de\/wp-json\/wp\/v2\/pages\/659\/revisions\/2551\/"}],"wp:featuredmedia":[{"embeddable":true,"href":"https:\/\/www.aimondo.ag\/de\/wp-json\/wp\/v2\/media\/1154\/"}],"wp:attachment":[{"href":"https:\/\/www.aimondo.ag\/de\/wp-json\/wp\/v2\/media\/?parent=659"}],"curies":[{"name":"wp","href":"https:\/\/api.w.org\/{rel}","templated":true}]}}