{"id":661,"date":"2018-09-09T08:28:01","date_gmt":"2018-09-09T08:28:01","guid":{"rendered":"http:\/\/195.201.36.202\/?page_id=661"},"modified":"2019-05-10T16:50:43","modified_gmt":"2019-05-10T16:50:43","slug":"product-global-rollout","status":"publish","type":"page","link":"https:\/\/www.aimondo.ag\/de\/product-global-rollout\/","title":{"rendered":"Produkt und Internationalisierung"},"content":{"rendered":"<p>Aimondo garantiert mehre Erfolg f\u00fcr Online- und Offline-H\u00e4ndler. Das sind die gr\u00f6\u00dften, am schnellsten wachsenden und wettbewerbsintensivsten M\u00e4rkte der Welt. Damit maximieren die Kunden, Gr\u00fcnder, Investoren und Mitarbeiter von Aimondo ihre Chancen im wirtschaftlich erfolgreichsten Teil der Wirtschaft 4.0. Denn Aimondo verbindet das Potenzial des Online-Handels mit den M\u00f6glichkeiten der K\u00fcnstlichen Intelligenz (AI), Machine Learning Techniken und st\u00e4rksten Datenbanken. Erfolg im eCommerce hat bestimmte Regeln. Aimondo kennt sie, hat die wichtigsten Ergebnisse analysiert und mit dem Aimondo-Algorithmus verkn\u00fcpft.<\/p>\n<p>Mit den Arbeitsergebnissen von Aimondo werden relevante Umsatzsteigerungen bei den Kunden von Aimondo erzielt. Margen werden optimiert. Das mehr Umsatz grunds\u00e4tzlich erstrebenswert ist, weiss jeder. Das jedoch bereits ein um 1% besserer Preis mit \u00fcber 7% EBIT zum Unternehmenserfolg beitr\u00e4gt, ist vielfach nicht bewusst.<\/p>\n<p>Wir halten, was wir versprechen. N\u00e4mlich mehr Umsatz und mehr Gewinn. Damit hat das operative Gesch\u00e4ft von Aimondos deutscher Tochtergesellschaft bereits f\u00fcr das vierte Gesch\u00e4ftsjahr ein j\u00e4hrliches Umsatzziel von &gt;47 Millionen Euro pro Jahr definiert &#8211; bei einem Rohertrag von rund 80%.<\/p>\n<blockquote>\n<p class=\"p1\"><strong><span class=\"s1\">Internet und Digitalisierung haben die Welt in den letzten 20 Jahren mehr ver\u00e4ndert als jede andere Technologie.<\/span><\/strong><\/p>\n<\/blockquote>\n<p>Dies gilt auch f\u00fcr den Handel &#8211; E-Commerce. Der Trend zum Online-Verkauf von Waren und Diensten aller Art wird sich in den kommenden Jahren fortsetzen. Unterst\u00fctzt durch die Zunahme der Nutzung von Smartphones und Tablet-Computer als permanenter, immer mit dem Internet verbundener Begleiter der Kunden.<\/p>\n<p>Kein Unternehmen kann diese \u00c4nderung ignorieren. Die Rahmenbedingungen der Wirtschaft ver\u00e4ndern sich im Zuge der digitalen Transformation grundlegend. Unternehmen, die auf diese Entwicklung nicht oder nur z\u00f6gerlich reagieren, laufen Gefahr, von der Dynamik der digitalen Transformation \u00fcberfordert oder von innovativen Anbietern verdr\u00e4ngt zu werden.<\/p>\n<p>Technologie wird so zu einem strategischen Instrument. Zum Beispiel dreht der Online-H\u00e4ndler Amazon die Preisschraube vieler Artikel mehrmals t\u00e4glich. Und das bei einem Sortiment von rund 20 Millionen Artikeln weltweit. Manchmal fallen die Preise, manchmal steigen sie. Wer das richtig macht, kann seine Gewinne im zweistelligen Prozentbereich erh\u00f6hen. Neben dem operativen Ergebnis k\u00f6nnen Aimondos Gesch\u00e4ftskunden Ihre Marktposition ma\u00dfgeblich beeinflussen und steuern.<\/p>\n<\/div><\/div><\/div><div class=\"container\"><div class=\"row\"><div class=\"col-xs-12 photo-block text-center wow fadeInDown\" data-wow-delay=\"0.1s\" style=\"visibility: visible; animation-delay: 0.1s; animation-name: fadeInDown;\"><img decoding=\"async\" src=\"https:\/\/aimondo.com\/ag2\/wp\/wp-content\/uploads\/2018\/06\/photo01.jpg\" alt=\"\" class=\"img-responsive\"><\/div><\/div><\/div><div class=\"container container-small\"><div class=\"row\"><div class=\"col-xs-12 wow fadeInDown\" data-wow-delay=\"0.1s\">\n","protected":false},"excerpt":{"rendered":"<p>Aimondo garantiert mehre Erfolg f\u00fcr Online- und Offline-H\u00e4ndler. Das sind die gr\u00f6\u00dften, am schnellsten wachsenden und wettbewerbsintensivsten M\u00e4rkte der Welt. Damit maximieren die Kunden, Gr\u00fcnder, Investoren und Mitarbeiter von Aimondo ihre Chancen im wirtschaftlich erfolgreichsten Teil der Wirtschaft 4.0. Denn Aimondo verbindet das Potenzial des Online-Handels mit den M\u00f6glichkeiten der K\u00fcnstlichen Intelligenz (AI), Machine Learning &#8230;<\/p>\n","protected":false},"author":2,"featured_media":1038,"parent":0,"menu_order":0,"comment_status":"closed","ping_status":"closed","template":"","meta":{"footnotes":""},"class_list":["post-661","page","type-page","status-publish","has-post-thumbnail","hentry"],"_links":{"self":[{"href":"https:\/\/www.aimondo.ag\/de\/wp-json\/wp\/v2\/pages\/661\/"}],"collection":[{"href":"https:\/\/www.aimondo.ag\/de\/wp-json\/wp\/v2\/pages\/"}],"about":[{"href":"https:\/\/www.aimondo.ag\/de\/wp-json\/wp\/v2\/types\/page\/"}],"author":[{"embeddable":true,"href":"https:\/\/www.aimondo.ag\/de\/wp-json\/wp\/v2\/users\/2\/"}],"replies":[{"embeddable":true,"href":"https:\/\/www.aimondo.ag\/de\/wp-json\/wp\/v2\/comments\/?post=661"}],"version-history":[{"count":5,"href":"https:\/\/www.aimondo.ag\/de\/wp-json\/wp\/v2\/pages\/661\/revisions\/"}],"predecessor-version":[{"id":1629,"href":"https:\/\/www.aimondo.ag\/de\/wp-json\/wp\/v2\/pages\/661\/revisions\/1629\/"}],"wp:featuredmedia":[{"embeddable":true,"href":"https:\/\/www.aimondo.ag\/de\/wp-json\/wp\/v2\/media\/1038\/"}],"wp:attachment":[{"href":"https:\/\/www.aimondo.ag\/de\/wp-json\/wp\/v2\/media\/?parent=661"}],"curies":[{"name":"wp","href":"https:\/\/api.w.org\/{rel}","templated":true}]}}