{"id":663,"date":"2018-07-14T21:40:55","date_gmt":"2018-07-14T21:40:55","guid":{"rendered":"http:\/\/195.201.36.202\/?page_id=663"},"modified":"2019-04-08T05:06:06","modified_gmt":"2019-04-08T05:06:06","slug":"relevance","status":"publish","type":"page","link":"https:\/\/www.aimondo.ag\/de\/relevance\/","title":{"rendered":"Bedeutung"},"content":{"rendered":"<p><span style=\"color: #253858;\"><span style=\"font-size: medium;\">Uber, Airbnb, Alibaba, Shopify, Salesforce &#8211; jeder hat von diesen Unternehmen geh\u00f6rt und davon, wie sie ganze Branchen ver\u00e4nderten. Dabei sind das sind nur einige Beispiele f\u00fcr die vielen Unternehmen, die derzeit die Gesch\u00e4ftswelt radikal ver\u00e4ndern. Das liegt auch an der Art und Weise, wie sie die Produkte und Dienstleistungen verkaufen und damit den Wandel auch in den traditionellsten und etabliertesten Branchen vorantreiben. Neue Plattformgesch\u00e4ftsmodelle und eCommerce-Unternehmen mit modernster Technologie erm\u00f6glichen es, ihre Gesch\u00e4fte anders zu gestalten. Sie sind eine Quelle der Wertsch\u00f6pfung in der digitalen Wirtschaft.<\/span><\/span><\/p>\n<p><span style=\"color: #253858;\"><span style=\"font-size: medium;\">Aimondo ist ein vollkommen digitalisiertes Unternehmen mit ausschliesslich digitalen Wertsch\u00f6pfungsprozessen und bietet Data-as-a-Service f\u00fcr die eCommerce Welt und f\u00fcr Hersteller von Markenprodukten. Urspr\u00fcnglich wurde Aimondo von den Gr\u00fcndern finanziell allein getragen. 72% aller SaaS-Startups sind zumindest teilweise fremd-finanziert und nutzen die SaaS-typischen Wettbewerbsvorteile. Aimondo geh\u00f6rt inzwischen dazu und expandiert durch Skalierung der Leistungen international.<\/span><\/span><\/p>\n<p><span style=\"color: #253858;\"><span style=\"font-size: medium;\">Ein junges Unternehmen braucht einen erheblichen Anteil an Relevanz f\u00fcr den jeweiligen Zielmarkt, um in einem wettbewerbsintensiven Umfeld wahrgenommen zu werden und au\u00dfergew\u00f6hnliche Erfolgschancen zu haben. Die Zeiten, in denen fast alle Apps als Start-up-Modell Investoren anzogen, sind vorbei. Erfolgreiche SaaS-Unternehmen wie Salesforce oder Shopify erfinden nicht nur etwas Cooles oder Einzigartiges, das es in dieser Welt noch nicht gibt. Sie entwickeln Produkte, die von ihren Kunden gebraucht und gemocht werden, weil sie erheblichen echten Mehrwert bieten.<\/span><\/span><\/p>\n<p><span style=\"color: #253858;\"><span style=\"font-size: medium;\">Aimondo ist ein solcher &#8222;Mehrwertdienst&#8220;. Denn mit relativ geringem Aufwand und geringen Kosten bietet Aimondo der kommerziellen Online-Wirtschaft die M\u00f6glichkeit, einzelne Produkte oder ganze Produktgruppen nahezu beliebig effizient zu platzieren, was unseren wirtschaftlichen Erfolg und den unserer Kunden fast zum Nebenprodukt erstklassiger Leistung macht. K\u00fcnstliche Intelligenz <a href=\"https:\/\/www.youtube.com\/watch?v=lwRjSEzr9Fg\">(KI)<\/a> gepaart mit Machine Learning, SaaS und Cloud Infrastruktur sind technologische Kernelemente f\u00fcr Alleinstellungsmerkmale, Leistungsst\u00e4rke und Zukunftssicherheit.<\/span><\/span><\/p>\n<p><span style=\"color: #253858;\"><span style=\"font-size: medium;\">Unz\u00e4hlige Studien erforschen und belegen das Verbraucherverhalten &#8211; kaum ein Bereich l\u00e4sst sich so genau analysieren wie die digitale Wirtschaft. Genau hier setzen wir an und bereiten Informationen \u00fcber konkrete Handlungsempfehlungen aus den unvorstellbar gro\u00dfen Datenmengen im globalen Netzwerk auf, die zu immer profitableren Ums\u00e4tzen f\u00fchren. Dies bedeutet f\u00fcr jeden Betreiber eine erhebliche Relevanz im Kampf gegen die marktbeherrschenden Anbieter und bei der Durchsetzung gegen\u00fcber ihren Wettbewerbern.<\/span><\/span><\/p>\n<p><span style=\"color: #253858;\"><span style=\"font-size: medium;\">Dieser Mehrwert bleibt f\u00fcr uns, unser Team und unsere Unterst\u00fctzer ein globaler Marktplatz, um den Unternehmenswert nahezu unbegrenzt zu steigern, da unsere Cloud-Services unendlich skalierbar sind.<\/span><\/span><\/p>\n","protected":false},"excerpt":{"rendered":"<p>Uber, Airbnb, Alibaba, Shopify, Salesforce &#8211; jeder hat von diesen Unternehmen geh\u00f6rt und davon, wie sie ganze Branchen ver\u00e4nderten. Dabei sind das sind nur einige Beispiele f\u00fcr die vielen Unternehmen, die derzeit die Gesch\u00e4ftswelt radikal ver\u00e4ndern. Das liegt auch an der Art und Weise, wie sie die Produkte und Dienstleistungen verkaufen und damit den Wandel &#8230;<\/p>\n","protected":false},"author":1,"featured_media":962,"parent":0,"menu_order":0,"comment_status":"closed","ping_status":"closed","template":"","meta":{"footnotes":""},"class_list":["post-663","page","type-page","status-publish","has-post-thumbnail","hentry"],"_links":{"self":[{"href":"https:\/\/www.aimondo.ag\/de\/wp-json\/wp\/v2\/pages\/663\/"}],"collection":[{"href":"https:\/\/www.aimondo.ag\/de\/wp-json\/wp\/v2\/pages\/"}],"about":[{"href":"https:\/\/www.aimondo.ag\/de\/wp-json\/wp\/v2\/types\/page\/"}],"author":[{"embeddable":true,"href":"https:\/\/www.aimondo.ag\/de\/wp-json\/wp\/v2\/users\/1\/"}],"replies":[{"embeddable":true,"href":"https:\/\/www.aimondo.ag\/de\/wp-json\/wp\/v2\/comments\/?post=663"}],"version-history":[{"count":6,"href":"https:\/\/www.aimondo.ag\/de\/wp-json\/wp\/v2\/pages\/663\/revisions\/"}],"predecessor-version":[{"id":1466,"href":"https:\/\/www.aimondo.ag\/de\/wp-json\/wp\/v2\/pages\/663\/revisions\/1466\/"}],"wp:featuredmedia":[{"embeddable":true,"href":"https:\/\/www.aimondo.ag\/de\/wp-json\/wp\/v2\/media\/962\/"}],"wp:attachment":[{"href":"https:\/\/www.aimondo.ag\/de\/wp-json\/wp\/v2\/media\/?parent=663"}],"curies":[{"name":"wp","href":"https:\/\/api.w.org\/{rel}","templated":true}]}}