{"id":749,"date":"2018-07-14T21:40:38","date_gmt":"2018-07-14T21:40:38","guid":{"rendered":"http:\/\/195.201.36.202\/company\/"},"modified":"2024-04-01T14:48:40","modified_gmt":"2024-04-01T14:48:40","slug":"company","status":"publish","type":"page","link":"https:\/\/www.aimondo.ag\/de\/company\/","title":{"rendered":"Unternehmen"},"content":{"rendered":"<p>Um die Spitzenposition als Dienstleister f\u00fcr die Beschaffung von Wettbewerbsinformationen und die Schaffung von marktf\u00e4higen dynamischen Preisen unter Nutzung aller verf\u00fcgbaren Synergiepotenziale einzunehmen, ist die Schweiz ein idealer Ausgangspunkt. Technologisch in der ersten Liga, politisch wie wirtschaftlich solide und stabil.<\/p>\r\n<p>Das Unternehmen verf\u00fcgt \u00fcber das <a href=\"http:\/\/195.201.36.202\/de\/move-fast-and-get-it-right\/\">Management<\/a>potenzial und die finanziellen Mittel, um die Aimondo-Technologie in Schl\u00fcsselm\u00e4rkten bekannt und erfolgreich verf\u00fcgbar zu machen. Die Lage zwischen den Verkehrsknotenpunkten <a href=\"https:\/\/www.nzz.ch\/zuerich\/zuerich-ist-erneut-die-stadt-mit-der-zweithoechsten-lebensqualitaet-weltweit-ld.1367627\">Z\u00fcrich<\/a> und <a href=\"https:\/\/www.welt.de\/vermischtes\/article178545358\/Britisches-Magazin-Monocle-kuert-Muenchen-zur-lebenswertesten-Stadt.html\">M\u00fcnchen<\/a> und nur wenige Kilometer vom weltbekannten Ausbildungszentrum f\u00fcr Management, Recht und Wirtschaft in St. Gallen entfernt ist in vielerlei Hinsicht ideal. Seit August 2020 ist die Aimondo AG mit einer Niederlassung in Z\u00fcrich (Seestra\u00dfe 17\/19) vertreten. Vertriebsgesellschaften mit dem Namen Aimondo wurde zudem in Bozen (Italien), Wien und London ins Leben gerufen. Sie sind bereits aktiv im Markt.\u00a0<\/p>\r\n<p>Die zentrale Produktentwicklung und Versionspflege sowie die Rund-um-die-Uhr-Netzwerk\u00fcberwachung erfolgt durch die Aimondo Gesellschaft in <a href=\"https:\/\/www.youtube.com\/watch?v=s6MVuqNph1c\" target=\"_blank\" rel=\"noopener\">D\u00fcsseldorf<\/a>\/Deutschland. Das internationale Team nutzt das gro\u00dfe Potenzial der Metropolregion Rhein-\/Ruhr, die mit ihren vielf\u00e4ltigen Kultur- und Lebenseinfl\u00fcssen sowie ihrem hohen Freizeitwert f\u00fcr junge, gut ausgebildete Menschen einen der attraktivsten Lebensr\u00e4ume der Welt bildet. 2020 und 2021 wurde die Aimondo GmbH mit dem deutschen Innovationspreis <a href=\"https:\/\/rp-online.de\/advertorial\/presseportal\/top-100-preistraeger-aimondo-setzt-sich-mit-kuenstlicher-intelligenz-durch_aid-51754043\">TOP 100<\/a> ausgezeichnet.<\/p>\r\n<p><img loading=\"lazy\" decoding=\"async\" class=\"size-full wp-image-1940 alignleft\" src=\"https:\/\/www.aimondo.ag\/wp-content\/uploads\/2021\/01\/Aimondo-GmbH-Entree.jpg\" alt=\"\" width=\"347\" height=\"520\" \/>Die Entwicklung der K\u00fcnstlichen Intelligenz an einem Ort w\u00fcrde der heutigen Realit\u00e4t nicht gerecht werden. Teams von Menschen auf der ganzen Welt arbeiten an Aimondos individuellen Anspr\u00fcchen. Weltweit werden von uns die besten Spezialisten gesucht und gefunden. Wir f\u00fcgen Module in der Aimondo Cloud zu einem effektiven Ganzen zusammen. Die technische Infrastruktur der Hardware tritt in den Hintergrund &#8211; die reinen Rechenleistungen geh\u00f6ren den unterschiedlichsten Anbietern in den verschiedensten L\u00e4ndern. Sie werden von Aimondo sekundengenau gebucht und verwendet. Das Ergebnis ist eine ausfallsichere, jederzeit verf\u00fcgbare und praktisch unbegrenzte Systemarchitektur. Sie ist so grenzenlos wie der Markt, in dem wir uns bewegen.<\/p>\r\n<p>Sicherheit und Kontinuit\u00e4t haben bei uns oberste Priorit\u00e4t. Bisher gab es keinen einzigen Ausfalltag &#8211; bis heute haben wir keine Kapazit\u00e4tsgrenze erreicht. Selbst wenn das gesamte Team nicht mehr arbeiten k\u00f6nnte, g\u00e4be es keinen dauerhaften Leistungseinbruch. Alle Softwaremodule, ihr Quellcode und ihre Baupl\u00e4ne werden f\u00fcr jedes Release in der Schweiz periodisch gespeichert und sind so gut kommentiert, dass sie nach einer entsprechenden Schulung weiter gepflegt und kontinuierlich weiterentwickelt werden k\u00f6nnen.<\/p>\r\n<p>Die Kapitalstruktur der Aimondo AG besteht aus Stamm- und Vorzugsaktien (Genussscheine). Dies verhindert operativen Einfluss, der nur aus Finanzkraft und nicht aus Industriekompetenz besteht. Weitere Details dazu werden im Kapitel &#8222;<a href=\"https:\/\/www.aimondo.ag\/de\/friends-family-login\/\">Family &amp; Friends Einblick<\/a>&#8220;\u00a0erl\u00e4utert.<\/p>\r\n\r\n<p>&nbsp;<\/p>\r\n","protected":false},"excerpt":{"rendered":"<p>Um die Spitzenposition als Dienstleister f\u00fcr die Beschaffung von Wettbewerbsinformationen und die Schaffung von marktf\u00e4higen dynamischen Preisen unter Nutzung aller verf\u00fcgbaren Synergiepotenziale einzunehmen, ist die Schweiz ein idealer Ausgangspunkt. Technologisch in der ersten Liga, politisch wie wirtschaftlich solide und stabil. Das Unternehmen verf\u00fcgt \u00fcber das Managementpotenzial und die finanziellen Mittel, um die Aimondo-Technologie in Schl\u00fcsselm\u00e4rkten &#8230;<\/p>\n","protected":false},"author":1,"featured_media":958,"parent":0,"menu_order":0,"comment_status":"closed","ping_status":"closed","template":"","meta":{"footnotes":""},"class_list":["post-749","page","type-page","status-publish","has-post-thumbnail","hentry"],"_links":{"self":[{"href":"https:\/\/www.aimondo.ag\/de\/wp-json\/wp\/v2\/pages\/749\/"}],"collection":[{"href":"https:\/\/www.aimondo.ag\/de\/wp-json\/wp\/v2\/pages\/"}],"about":[{"href":"https:\/\/www.aimondo.ag\/de\/wp-json\/wp\/v2\/types\/page\/"}],"author":[{"embeddable":true,"href":"https:\/\/www.aimondo.ag\/de\/wp-json\/wp\/v2\/users\/1\/"}],"replies":[{"embeddable":true,"href":"https:\/\/www.aimondo.ag\/de\/wp-json\/wp\/v2\/comments\/?post=749"}],"version-history":[{"count":21,"href":"https:\/\/www.aimondo.ag\/de\/wp-json\/wp\/v2\/pages\/749\/revisions\/"}],"predecessor-version":[{"id":2548,"href":"https:\/\/www.aimondo.ag\/de\/wp-json\/wp\/v2\/pages\/749\/revisions\/2548\/"}],"wp:featuredmedia":[{"embeddable":true,"href":"https:\/\/www.aimondo.ag\/de\/wp-json\/wp\/v2\/media\/958\/"}],"wp:attachment":[{"href":"https:\/\/www.aimondo.ag\/de\/wp-json\/wp\/v2\/media\/?parent=749"}],"curies":[{"name":"wp","href":"https:\/\/api.w.org\/{rel}","templated":true}]}}